{"id":46,"date":"2022-02-04T10:56:20","date_gmt":"2022-02-04T10:56:20","guid":{"rendered":"https:\/\/jvn-das-original.de\/?page_id=46"},"modified":"2022-02-04T11:16:23","modified_gmt":"2022-02-04T11:16:23","slug":"impressum","status":"publish","type":"page","link":"https:\/\/jvn-das-original.de\/?page_id=46","title":{"rendered":"Impressum"},"content":{"rendered":"\n<p><strong>JvN &#8211; Das Original UG (Haftungsbeschr\u00e4nkt)<\/strong><\/p>\n\n\n\n<p>Gesch\u00e4ftsf\u00fchrer Jesco von Neuhoff<\/p>\n\n\n\n<p>Kastanienallee 2<\/p>\n\n\n\n<p>21337 L\u00fcneburg<\/p>\n\n\n\n<p>Tel.: 0 41 31 &#8211; 580 63 10&nbsp;<\/p>\n\n\n\n<p>Fax: 0 41 31 &#8211; 580 63 15<\/p>\n\n\n\n<p>Mobil: 0157 &#8211; 39 5 49 202<\/p>\n\n\n\n<p>jesco@jvn-das-original.de<\/p>\n\n\n\n<p><a href=\"http:\/\/www.jvn-das-original.de\">www.jvn-das-original.de<\/a><\/p>\n\n\n\n<p><strong>Handelsregister<\/strong><\/p>\n\n\n\n<p>Amtsgericht L\u00fcneburg HRB 20 63 09<\/p>\n\n\n\n<p><strong>USt-ID: DE 306 465 653<\/strong><\/p>\n","protected":false},"excerpt":{"rendered":"<p>JvN &#8211; Das Original UG (Haftungsbeschr\u00e4nkt) Gesch\u00e4ftsf\u00fchrer Jesco von Neuhoff Kastanienallee 2 21337 L\u00fcneburg Tel.: 0 41 31 &#8211; 580 63 10&nbsp; Fax: 0 41 31 &#8211; 580 63 15 Mobil: 0157 &#8211; 39 5 49 202 jesco@jvn-das-original.de www.jvn-das-original.de Handelsregister Amtsgericht L\u00fcneburg HRB 20 63 09 USt-ID: DE 306 465 653<\/p>\n","protected":false},"author":1,"featured_media":0,"parent":0,"menu_order":0,"comment_status":"closed","ping_status":"closed","template":"","meta":[],"_links":{"self":[{"href":"https:\/\/jvn-das-original.de\/index.php?rest_route=\/wp\/v2\/pages\/46"}],"collection":[{"href":"https:\/\/jvn-das-original.de\/index.php?rest_route=\/wp\/v2\/pages"}],"about":[{"href":"https:\/\/jvn-das-original.de\/index.php?rest_route=\/wp\/v2\/types\/page"}],"author":[{"embeddable":true,"href":"https:\/\/jvn-das-original.de\/index.php?rest_route=\/wp\/v2\/users\/1"}],"replies":[{"embeddable":true,"href":"https:\/\/jvn-das-original.de\/index.php?rest_route=%2Fwp%2Fv2%2Fcomments&post=46"}],"version-history":[{"count":6,"href":"https:\/\/jvn-das-original.de\/index.php?rest_route=\/wp\/v2\/pages\/46\/revisions"}],"predecessor-version":[{"id":77,"href":"https:\/\/jvn-das-original.de\/index.php?rest_route=\/wp\/v2\/pages\/46\/revisions\/77"}],"wp:attachment":[{"href":"https:\/\/jvn-das-original.de\/index.php?rest_route=%2Fwp%2Fv2%2Fmedia&parent=46"}],"curies":[{"name":"wp","href":"https:\/\/api.w.org\/{rel}","templated":true}]}}